{"id":687,"date":"2025-05-30T22:00:37","date_gmt":"2025-05-30T20:00:37","guid":{"rendered":"https:\/\/johannes-felchlin.ch\/?page_id=687"},"modified":"2026-02-16T10:43:07","modified_gmt":"2026-02-16T09:43:07","slug":"person","status":"publish","type":"page","link":"https:\/\/johannes-felchlin.ch\/?page_id=687","title":{"rendered":"Person"},"content":{"rendered":"\t\t<div data-elementor-type=\"wp-page\" data-elementor-id=\"687\" class=\"elementor elementor-687\" data-elementor-post-type=\"page\">\n\t\t\t\t<div class=\"elementor-element elementor-element-cd7bbe6 e-flex e-con-boxed e-con e-parent\" data-id=\"cd7bbe6\" data-element_type=\"container\" data-e-type=\"container\">\n\t\t\t\t\t<div class=\"e-con-inner\">\n\t\t\t\t<div class=\"elementor-element elementor-element-af354d2 elementor-widget elementor-widget-heading\" data-id=\"af354d2\" data-element_type=\"widget\" data-e-type=\"widget\" data-widget_type=\"heading.default\">\n\t\t\t\t<div class=\"elementor-widget-container\">\n\t\t\t\t\t<h1 class=\"elementor-heading-title elementor-size-default\">Person<\/h1>\t\t\t\t<\/div>\n\t\t\t\t<\/div>\n\t\t\t\t<div class=\"elementor-element elementor-element-e90f31b elementor-arrows-position-inside elementor-widget elementor-widget-image-carousel\" data-id=\"e90f31b\" data-element_type=\"widget\" data-e-type=\"widget\" data-settings=\"{&quot;slides_to_show&quot;:&quot;1&quot;,&quot;navigation&quot;:&quot;arrows&quot;,&quot;infinite&quot;:&quot;yes&quot;,&quot;effect&quot;:&quot;slide&quot;,&quot;speed&quot;:500}\" data-widget_type=\"image-carousel.default\">\n\t\t\t\t<div class=\"elementor-widget-container\">\n\t\t\t\t\t\t\t<div class=\"elementor-image-carousel-wrapper swiper\" role=\"region\" aria-roledescription=\"carousel\" aria-label=\"Bild Karussell\" dir=\"ltr\">\n\t\t\t<div class=\"elementor-image-carousel swiper-wrapper swiper-image-stretch\" aria-live=\"polite\">\n\t\t\t\t\t\t\t\t<div class=\"swiper-slide\" role=\"group\" aria-roledescription=\"slide\" aria-label=\"1 of 18\"><figure class=\"swiper-slide-inner\"><img decoding=\"async\" class=\"swiper-slide-image\" src=\"https:\/\/johannes-felchlin.ch\/wp-content\/uploads\/2026\/02\/11-1.jpg\" alt=\"11\" \/><\/figure><\/div><div class=\"swiper-slide\" role=\"group\" aria-roledescription=\"slide\" aria-label=\"2 of 18\"><figure class=\"swiper-slide-inner\"><img decoding=\"async\" class=\"swiper-slide-image\" src=\"https:\/\/johannes-felchlin.ch\/wp-content\/uploads\/2025\/11\/15.jpg\" alt=\"15\" \/><\/figure><\/div><div class=\"swiper-slide\" role=\"group\" aria-roledescription=\"slide\" aria-label=\"3 of 18\"><figure class=\"swiper-slide-inner\"><img decoding=\"async\" class=\"swiper-slide-image\" src=\"https:\/\/johannes-felchlin.ch\/wp-content\/uploads\/2025\/08\/Johannes_Felchlin.jpg\" alt=\"Johannes_Felchlin\" \/><\/figure><\/div><div class=\"swiper-slide\" role=\"group\" aria-roledescription=\"slide\" aria-label=\"4 of 18\"><figure class=\"swiper-slide-inner\"><img decoding=\"async\" class=\"swiper-slide-image\" src=\"https:\/\/johannes-felchlin.ch\/wp-content\/uploads\/2025\/08\/JohannesFelchlin_Foto_mittel.jpg\" alt=\"JohannesFelchlin_Foto_mittel\" \/><\/figure><\/div><div class=\"swiper-slide\" role=\"group\" aria-roledescription=\"slide\" aria-label=\"5 of 18\"><figure class=\"swiper-slide-inner\"><img decoding=\"async\" class=\"swiper-slide-image\" src=\"https:\/\/johannes-felchlin.ch\/wp-content\/uploads\/2025\/08\/Muenchenstein_Hannes_felchin_sma.png\" alt=\"Muenchenstein_Hannes_felchin_sma\" \/><\/figure><\/div><div class=\"swiper-slide\" role=\"group\" aria-roledescription=\"slide\" aria-label=\"6 of 18\"><figure class=\"swiper-slide-inner\"><img decoding=\"async\" class=\"swiper-slide-image\" src=\"https:\/\/johannes-felchlin.ch\/wp-content\/uploads\/2025\/08\/Hannes1.jpg\" alt=\"Hannes1\" \/><\/figure><\/div><div class=\"swiper-slide\" role=\"group\" aria-roledescription=\"slide\" aria-label=\"7 of 18\"><figure class=\"swiper-slide-inner\"><img decoding=\"async\" class=\"swiper-slide-image\" src=\"https:\/\/johannes-felchlin.ch\/wp-content\/uploads\/2025\/11\/14-1071x1536.jpg\" alt=\"14\" \/><\/figure><\/div><div class=\"swiper-slide\" role=\"group\" aria-roledescription=\"slide\" aria-label=\"8 of 18\"><figure class=\"swiper-slide-inner\"><img decoding=\"async\" class=\"swiper-slide-image\" src=\"https:\/\/johannes-felchlin.ch\/wp-content\/uploads\/2025\/08\/231104_Felchlin_Hannes_0996.jpg\" alt=\"231104_Felchlin_Hannes_0996\" \/><\/figure><\/div><div class=\"swiper-slide\" role=\"group\" aria-roledescription=\"slide\" aria-label=\"9 of 18\"><figure class=\"swiper-slide-inner\"><img decoding=\"async\" class=\"swiper-slide-image\" src=\"https:\/\/johannes-felchlin.ch\/wp-content\/uploads\/2025\/08\/HF.jpg\" alt=\"HF\" \/><\/figure><\/div><div class=\"swiper-slide\" role=\"group\" aria-roledescription=\"slide\" aria-label=\"10 of 18\"><figure class=\"swiper-slide-inner\"><img decoding=\"async\" class=\"swiper-slide-image\" src=\"https:\/\/johannes-felchlin.ch\/wp-content\/uploads\/2025\/08\/Foto_a_Hannes.jpg\" alt=\"Foto_a_Hannes\" \/><\/figure><\/div><div class=\"swiper-slide\" role=\"group\" aria-roledescription=\"slide\" aria-label=\"11 of 18\"><figure class=\"swiper-slide-inner\"><img decoding=\"async\" class=\"swiper-slide-image\" src=\"https:\/\/johannes-felchlin.ch\/wp-content\/uploads\/2025\/08\/Foto_b_Hannes.jpg\" alt=\"Foto_b_Hannes\" \/><\/figure><\/div><div class=\"swiper-slide\" role=\"group\" aria-roledescription=\"slide\" aria-label=\"12 of 18\"><figure class=\"swiper-slide-inner\"><img decoding=\"async\" class=\"swiper-slide-image\" src=\"https:\/\/johannes-felchlin.ch\/wp-content\/uploads\/2025\/08\/Foto_c_Hannes.jpg\" alt=\"Foto_c_Hannes\" \/><\/figure><\/div><div class=\"swiper-slide\" role=\"group\" aria-roledescription=\"slide\" aria-label=\"13 of 18\"><figure class=\"swiper-slide-inner\"><img decoding=\"async\" class=\"swiper-slide-image\" src=\"https:\/\/johannes-felchlin.ch\/wp-content\/uploads\/2025\/08\/Johannes_Felchlin-Copy-1.jpg\" alt=\"Johannes_Felchlin - Copy 1\" \/><\/figure><\/div><div class=\"swiper-slide\" role=\"group\" aria-roledescription=\"slide\" aria-label=\"14 of 18\"><figure class=\"swiper-slide-inner\"><img decoding=\"async\" class=\"swiper-slide-image\" src=\"https:\/\/johannes-felchlin.ch\/wp-content\/uploads\/2025\/08\/Hannes4.jpg\" alt=\"Hannes4\" \/><\/figure><\/div><div class=\"swiper-slide\" role=\"group\" aria-roledescription=\"slide\" aria-label=\"15 of 18\"><figure class=\"swiper-slide-inner\"><img decoding=\"async\" class=\"swiper-slide-image\" src=\"https:\/\/johannes-felchlin.ch\/wp-content\/uploads\/2025\/08\/FDP_LRW_2018_A6_Kopfpostkarten_M.jpg\" alt=\"FDP_LRW_2018_A6_Kopfpostkarten_M\" \/><\/figure><\/div><div class=\"swiper-slide\" role=\"group\" aria-roledescription=\"slide\" aria-label=\"16 of 18\"><figure class=\"swiper-slide-inner\"><img decoding=\"async\" class=\"swiper-slide-image\" src=\"https:\/\/johannes-felchlin.ch\/wp-content\/uploads\/2025\/08\/Plakat_F4Urnenabstimmung_Hannes.jpg\" alt=\"Plakat_F4Urnenabstimmung_Hannes\" \/><\/figure><\/div><div class=\"swiper-slide\" role=\"group\" aria-roledescription=\"slide\" aria-label=\"17 of 18\"><figure class=\"swiper-slide-inner\"><img decoding=\"async\" class=\"swiper-slide-image\" src=\"https:\/\/johannes-felchlin.ch\/wp-content\/uploads\/2025\/08\/JohannesFelchlin_Foto_klein.jpg\" alt=\"JohannesFelchlin_Foto_klein\" \/><\/figure><\/div><div class=\"swiper-slide\" role=\"group\" aria-roledescription=\"slide\" aria-label=\"18 of 18\"><figure class=\"swiper-slide-inner\"><img decoding=\"async\" class=\"swiper-slide-image\" src=\"https:\/\/johannes-felchlin.ch\/wp-content\/uploads\/2026\/02\/44-1.jpg\" alt=\"44\" \/><\/figure><\/div>\t\t\t<\/div>\n\t\t\t\t\t\t\t\t\t\t\t\t<div class=\"elementor-swiper-button elementor-swiper-button-prev\" role=\"button\" tabindex=\"0\">\n\t\t\t\t\t\t<svg aria-hidden=\"true\" class=\"e-font-icon-svg e-eicon-chevron-left\" viewBox=\"0 0 1000 1000\" xmlns=\"http:\/\/www.w3.org\/2000\/svg\"><path d=\"M646 125C629 125 613 133 604 142L308 442C296 454 292 471 292 487 292 504 296 521 308 533L604 854C617 867 629 875 646 875 663 875 679 871 692 858 704 846 713 829 713 812 713 796 708 779 692 767L438 487 692 225C700 217 708 204 708 187 708 171 704 154 692 142 675 129 663 125 646 125Z\"><\/path><\/svg>\t\t\t\t\t<\/div>\n\t\t\t\t\t<div class=\"elementor-swiper-button elementor-swiper-button-next\" role=\"button\" tabindex=\"0\">\n\t\t\t\t\t\t<svg aria-hidden=\"true\" class=\"e-font-icon-svg e-eicon-chevron-right\" viewBox=\"0 0 1000 1000\" xmlns=\"http:\/\/www.w3.org\/2000\/svg\"><path d=\"M696 533C708 521 713 504 713 487 713 471 708 454 696 446L400 146C388 133 375 125 354 125 338 125 325 129 313 142 300 154 292 171 292 187 292 204 296 221 308 233L563 492 304 771C292 783 288 800 288 817 288 833 296 850 308 863 321 871 338 875 354 875 371 875 388 867 400 854L696 533Z\"><\/path><\/svg>\t\t\t\t\t<\/div>\n\t\t\t\t\n\t\t\t\t\t\t\t\t\t<\/div>\n\t\t\t\t\t\t<\/div>\n\t\t\t\t<\/div>\n\t\t\t\t<div class=\"elementor-element elementor-element-21878ca elementor-widget elementor-widget-heading\" data-id=\"21878ca\" data-element_type=\"widget\" data-e-type=\"widget\" data-widget_type=\"heading.default\">\n\t\t\t\t<div class=\"elementor-widget-container\">\n\t\t\t\t\t<h2 class=\"elementor-heading-title elementor-size-default\">macht Sinn - Freisinn\n<\/h2>\t\t\t\t<\/div>\n\t\t\t\t<\/div>\n\t\t\t\t\t<\/div>\n\t\t\t\t<\/div>\n\t\t<div class=\"elementor-element elementor-element-8ce9188 e-flex e-con-boxed e-con e-parent\" data-id=\"8ce9188\" data-element_type=\"container\" data-e-type=\"container\" data-settings=\"{&quot;background_background&quot;:&quot;classic&quot;}\">\n\t\t\t\t\t<div class=\"e-con-inner\">\n\t\t\t\t<div class=\"elementor-element elementor-element-7b0855d elementor-widget elementor-widget-heading\" data-id=\"7b0855d\" data-element_type=\"widget\" data-e-type=\"widget\" data-widget_type=\"heading.default\">\n\t\t\t\t<div class=\"elementor-widget-container\">\n\t\t\t\t\t<h2 class=\"elementor-heading-title elementor-size-default\">Pers\u00f6nlich\n<\/h2>\t\t\t\t<\/div>\n\t\t\t\t<\/div>\n\t\t<div class=\"elementor-element elementor-element-0e61464 e-con-full e-grid e-con e-child\" data-id=\"0e61464\" data-element_type=\"container\" data-e-type=\"container\">\n\t\t\t\t<div class=\"elementor-element elementor-element-77700b0 elementor-widget elementor-widget-text-editor\" data-id=\"77700b0\" data-element_type=\"widget\" data-e-type=\"widget\" data-widget_type=\"text-editor.default\">\n\t\t\t\t<div class=\"elementor-widget-container\">\n\t\t\t\t\t\t\t\t\t<p>Vorname, Name<\/p>\t\t\t\t\t\t\t\t<\/div>\n\t\t\t\t<\/div>\n\t\t\t\t<div class=\"elementor-element elementor-element-a555adf elementor-widget elementor-widget-text-editor\" data-id=\"a555adf\" data-element_type=\"widget\" data-e-type=\"widget\" data-widget_type=\"text-editor.default\">\n\t\t\t\t<div class=\"elementor-widget-container\">\n\t\t\t\t\t\t\t\t\tJohannes Felchlin\n\t\t\t\t\t\t\t\t<\/div>\n\t\t\t\t<\/div>\n\t\t\t\t<div class=\"elementor-element elementor-element-1add002 elementor-widget elementor-widget-text-editor\" data-id=\"1add002\" data-element_type=\"widget\" data-e-type=\"widget\" data-widget_type=\"text-editor.default\">\n\t\t\t\t<div class=\"elementor-widget-container\">\n\t\t\t\t\t\t\t\t\tAdresse\t\t\t\t\t\t\t\t<\/div>\n\t\t\t\t<\/div>\n\t\t\t\t<div class=\"elementor-element elementor-element-04034f3 elementor-widget elementor-widget-text-editor\" data-id=\"04034f3\" data-element_type=\"widget\" data-e-type=\"widget\" data-widget_type=\"text-editor.default\">\n\t\t\t\t<div class=\"elementor-widget-container\">\n\t\t\t\t\t\t\t\t\t<p>Bruggweg 21, 4144 Arlesheim<\/p>\t\t\t\t\t\t\t\t<\/div>\n\t\t\t\t<\/div>\n\t\t\t\t<div class=\"elementor-element elementor-element-a9f23c1 elementor-widget elementor-widget-text-editor\" data-id=\"a9f23c1\" data-element_type=\"widget\" data-e-type=\"widget\" data-widget_type=\"text-editor.default\">\n\t\t\t\t<div class=\"elementor-widget-container\">\n\t\t\t\t\t\t\t\t\t<p>Geburtsdatum<\/p>\t\t\t\t\t\t\t\t<\/div>\n\t\t\t\t<\/div>\n\t\t\t\t<div class=\"elementor-element elementor-element-6a8402d elementor-widget elementor-widget-text-editor\" data-id=\"6a8402d\" data-element_type=\"widget\" data-e-type=\"widget\" data-widget_type=\"text-editor.default\">\n\t\t\t\t<div class=\"elementor-widget-container\">\n\t\t\t\t\t\t\t\t\t3. Oktober 1968\t\t\t\t\t\t\t\t<\/div>\n\t\t\t\t<\/div>\n\t\t\t\t<div class=\"elementor-element elementor-element-eccbed1 elementor-widget elementor-widget-text-editor\" data-id=\"eccbed1\" data-element_type=\"widget\" data-e-type=\"widget\" data-widget_type=\"text-editor.default\">\n\t\t\t\t<div class=\"elementor-widget-container\">\n\t\t\t\t\t\t\t\t\t<p>Lebenspartnerin<\/p>\t\t\t\t\t\t\t\t<\/div>\n\t\t\t\t<\/div>\n\t\t\t\t<div class=\"elementor-element elementor-element-b9de9e2 elementor-widget elementor-widget-text-editor\" data-id=\"b9de9e2\" data-element_type=\"widget\" data-e-type=\"widget\" data-widget_type=\"text-editor.default\">\n\t\t\t\t<div class=\"elementor-widget-container\">\n\t\t\t\t\t\t\t\t\tVera von Rotz-Gass\n\t\t\t\t\t\t\t\t<\/div>\n\t\t\t\t<\/div>\n\t\t\t\t<div class=\"elementor-element elementor-element-69520d1 elementor-widget elementor-widget-text-editor\" data-id=\"69520d1\" data-element_type=\"widget\" data-e-type=\"widget\" data-widget_type=\"text-editor.default\">\n\t\t\t\t<div class=\"elementor-widget-container\">\n\t\t\t\t\t\t\t\t\t<p>Kinder<\/p>\t\t\t\t\t\t\t\t<\/div>\n\t\t\t\t<\/div>\n\t\t\t\t<div class=\"elementor-element elementor-element-c8bc19b elementor-widget elementor-widget-text-editor\" data-id=\"c8bc19b\" data-element_type=\"widget\" data-e-type=\"widget\" data-widget_type=\"text-editor.default\">\n\t\t\t\t<div class=\"elementor-widget-container\">\n\t\t\t\t\t\t\t\t\tAlina\u00a02003; Viola 2006\n\n\t\t\t\t\t\t\t\t<\/div>\n\t\t\t\t<\/div>\n\t\t\t\t<div class=\"elementor-element elementor-element-584808a elementor-widget elementor-widget-text-editor\" data-id=\"584808a\" data-element_type=\"widget\" data-e-type=\"widget\" data-widget_type=\"text-editor.default\">\n\t\t\t\t<div class=\"elementor-widget-container\">\n\t\t\t\t\t\t\t\t\t<p>Heimatorte<\/p>\t\t\t\t\t\t\t\t<\/div>\n\t\t\t\t<\/div>\n\t\t\t\t<div class=\"elementor-element elementor-element-622bcb6 elementor-widget elementor-widget-text-editor\" data-id=\"622bcb6\" data-element_type=\"widget\" data-e-type=\"widget\" data-widget_type=\"text-editor.default\">\n\t\t\t\t<div class=\"elementor-widget-container\">\n\t\t\t\t\t\t\t\t\t<p>Arth (SZ), Olten (SO), Solothurn (SO)<\/p>\t\t\t\t\t\t\t\t<\/div>\n\t\t\t\t<\/div>\n\t\t\t\t<\/div>\n\t\t\t\t\t<\/div>\n\t\t\t\t<\/div>\n\t\t<div class=\"elementor-element elementor-element-e270b86 e-flex e-con-boxed e-con e-parent\" data-id=\"e270b86\" data-element_type=\"container\" data-e-type=\"container\">\n\t\t\t\t\t<div class=\"e-con-inner\">\n\t\t<div class=\"elementor-element elementor-element-a7d557a e-con-full e-flex e-con e-child\" data-id=\"a7d557a\" data-element_type=\"container\" data-e-type=\"container\">\n\t\t\t\t<div class=\"elementor-element elementor-element-d0b73fc elementor-widget elementor-widget-heading\" data-id=\"d0b73fc\" data-element_type=\"widget\" data-e-type=\"widget\" data-widget_type=\"heading.default\">\n\t\t\t\t<div class=\"elementor-widget-container\">\n\t\t\t\t\t<h2 class=\"elementor-heading-title elementor-size-default\">Hobbies<\/h2>\t\t\t\t<\/div>\n\t\t\t\t<\/div>\n\t\t\t\t<div class=\"elementor-element elementor-element-160abc4 elementor-widget elementor-widget-text-editor\" data-id=\"160abc4\" data-element_type=\"widget\" data-e-type=\"widget\" data-widget_type=\"text-editor.default\">\n\t\t\t\t<div class=\"elementor-widget-container\">\n\t\t\t\t\t\t\t\t\t<ul><li>Sinnieren<\/li><li>Gut essen<\/li><li>Inline Skating<\/li><li>Joggen<\/li><li>Wandern<\/li><li>Besuch von Theater und\u00a0Musicals<\/li><\/ul>\t\t\t\t\t\t\t\t<\/div>\n\t\t\t\t<\/div>\n\t\t\t\t<\/div>\n\t\t\t\t\t<\/div>\n\t\t\t\t<\/div>\n\t\t<div class=\"elementor-element elementor-element-4979b54 e-flex e-con-boxed e-con e-parent\" data-id=\"4979b54\" data-element_type=\"container\" data-e-type=\"container\" data-settings=\"{&quot;background_background&quot;:&quot;classic&quot;}\">\n\t\t\t\t\t<div class=\"e-con-inner\">\n\t\t\t\t<div class=\"elementor-element elementor-element-761cb64 elementor-widget elementor-widget-heading\" data-id=\"761cb64\" data-element_type=\"widget\" data-e-type=\"widget\" data-widget_type=\"heading.default\">\n\t\t\t\t<div class=\"elementor-widget-container\">\n\t\t\t\t\t<h2 class=\"elementor-heading-title elementor-size-default\">Beruflich<\/h2>\t\t\t\t<\/div>\n\t\t\t\t<\/div>\n\t\t\t\t<div class=\"elementor-element elementor-element-9fe189b elementor-widget elementor-widget-text-editor\" data-id=\"9fe189b\" data-element_type=\"widget\" data-e-type=\"widget\" data-widget_type=\"text-editor.default\">\n\t\t\t\t<div class=\"elementor-widget-container\">\n\t\t\t\t\t\t\t\t\t<ul><li>Seit 2026 Head Project Steering &amp; Delivery, Helvetia Baloise Group &#8211; Asset Management<\/li><li>Seit 2016 Dozent (CAS\/MAS) f\u00fcr Kompetenzorientiertes\u00a0Projektmanagement\u00a0an der Z\u00fcrcher Hochschule\u00a0f\u00fcr Angewandte Wissenschaften (zhaw), Winterthur<\/li><li>Seit 2012 Gesch\u00e4ftsf\u00fchrer und Gesellschafter &#171;Felchlin Immobilien GmbH&#187;, Olten<\/li><li>2022-2025 Head\u00a0Project\u00a0&amp; Process\u00a0Management,\u00a0Helvetia\u00a0Group\u00a0&#8211; Asset\u00a0Management<\/li><li>2018-2022\u00a0Lead\u00a0Projektportfolio\u00a0Manager,\u00a0Konzern Projektportfolio\u00a0Management, Helvetia\u00a0Group<\/li><li>2007-2018 Leiter Projektportfolio Management bei den Basler\u00a0Versicherungen Schweiz<\/li><li>2004-2007 Gesch\u00e4ftsleitungsmitglied\u00a0Datalynx\u00a0AG, Basel<\/li><li class=\"et_pb_member_position\">1996-2004 Project\u00a0Management Officer, Strategic\u00a0IT Planning\u00a0Officer\u00a0Swiss Reinsurance\u00a0Company\u00a0Zurich<\/li><\/ul><ul><li class=\"et_pb_member_position\">Executive MBA (USA &amp; NL)<\/li><li class=\"et_pb_member_position\">Bachelor in Marketing (CH)<\/li><li class=\"et_pb_member_position\">Certified Project Director\u00a0(IPMA\u00ae Level A)<\/li><li class=\"et_pb_member_position\">Zertifizierter\u00a0SAFe\u00a05 Lean\u00a0Portfolio\u00a0Manager<\/li><li class=\"et_pb_member_position\">Zertifizierter Projektleiter (PMP\/ PMI)<\/li><li>Co-Autor &#171;Lean-Adaptive Project Portfolio Management&#187;, Sch\u00e4ffer-Poeschel D-Stuttgart, 2024<\/li><li>Co-Autor \u201eStrategisches Projektportfolio-Management\u201c, Haufe, D-Freiburg, 2023 (3. Auflage)<\/li><li>Autor &#171;Agiles Projektportfoliomanagement: Die 3 Erfolgsfaktoren&#187;, Ausgaben 23\/2021 und 4\/2018 in &#171;www.projektmagazin.de \u2013 Das Fachportal f\u00fcr Projektmanagement&#187;<\/li><\/ul>\t\t\t\t\t\t\t\t<\/div>\n\t\t\t\t<\/div>\n\t\t\t\t\t<\/div>\n\t\t\t\t<\/div>\n\t\t<div class=\"elementor-element elementor-element-9996987 e-flex e-con-boxed e-con e-parent\" data-id=\"9996987\" data-element_type=\"container\" data-e-type=\"container\">\n\t\t\t\t\t<div class=\"e-con-inner\">\n\t\t\t\t<div class=\"elementor-element elementor-element-106d40f elementor-widget elementor-widget-heading\" data-id=\"106d40f\" data-element_type=\"widget\" data-e-type=\"widget\" data-widget_type=\"heading.default\">\n\t\t\t\t<div class=\"elementor-widget-container\">\n\t\t\t\t\t<h2 class=\"elementor-heading-title elementor-size-default\">Milizfunktionen<\/h2>\t\t\t\t<\/div>\n\t\t\t\t<\/div>\n\t\t\t\t<div class=\"elementor-element elementor-element-f13dd6f elementor-widget elementor-widget-text-editor\" data-id=\"f13dd6f\" data-element_type=\"widget\" data-e-type=\"widget\" data-widget_type=\"text-editor.default\">\n\t\t\t\t<div class=\"elementor-widget-container\">\n\t\t\t\t\t\t\t\t\t<p><strong>Politik<\/strong><\/p><ul><li>Landrat Kanton Basel-Landschaft<\/li><li>Pr\u00e4sident Rechnungspr\u00fcfungskommission Arlesheim<\/li><li>Pr\u00e4sident Gesch\u00e4ftspr\u00fcfungskommission\u00a0Arlesheim<\/li><li>Mitglied Gemeindekommission\u00a0Arlesheim<\/li><li>Vizepr\u00e4sident FDP Arlesheim<\/li><\/ul><p><strong>Milit\u00e4r \/ Bev\u00f6lkerungsschutz<\/strong><\/p><ul><li>Adjutant\u00a0Regionaler F\u00fchrungsstab Birs<\/li><li>Stab Heer, Presse- und Informationsoffizier,\u00a0Projektportfolio\u00a0Manager (Major a.D.)<\/li><\/ul><p><strong>Kirche<\/strong><\/p><ul><li>Nationalsynodepr\u00e4sident\u00a0Christkatholische\u00a0Kirche der Schweiz\u00a0(2021-2023)<\/li><li>Pr\u00e4sident Christkatholische\u00a0Kirchgemeinde Baselland<\/li><li>Pr\u00e4sidium Christkatholische Landeskirche Basel-Landschaft<\/li><li>Pr\u00e4sident Sympathieverein Christkatholische Kirche Baselland<\/li><li>Projektleiter Totalrevision Christkatholische Verfassung der Schweiz<\/li><\/ul><p><strong>Gesellschaft<\/strong><\/p><ul><li>Pr\u00e4sident Verein Bewegungspark<\/li><li>Mitglied Kommission f\u00fcr Kirche &amp; Wirtschaft beider Basel (als Vertreter der Handelskammer\u00a0beider Basel)<\/li><\/ul>\t\t\t\t\t\t\t\t<\/div>\n\t\t\t\t<\/div>\n\t\t\t\t\t<\/div>\n\t\t\t\t<\/div>\n\t\t<div class=\"elementor-element elementor-element-ae99d70 e-flex e-con-boxed e-con e-parent\" data-id=\"ae99d70\" data-element_type=\"container\" data-e-type=\"container\">\n\t\t\t\t\t<div class=\"e-con-inner\">\n\t\t\t\t<div class=\"elementor-element elementor-element-fa5f598 elementor-widget elementor-widget-heading\" data-id=\"fa5f598\" data-element_type=\"widget\" data-e-type=\"widget\" data-widget_type=\"heading.default\">\n\t\t\t\t<div class=\"elementor-widget-container\">\n\t\t\t\t\t<h2 class=\"elementor-heading-title elementor-size-default\">Dokumente &amp; Links<\/h2>\t\t\t\t<\/div>\n\t\t\t\t<\/div>\n\t\t\t\t<div class=\"elementor-element elementor-element-cf48c0e elementor-icon-list--layout-traditional elementor-list-item-link-full_width elementor-widget elementor-widget-icon-list\" data-id=\"cf48c0e\" data-element_type=\"widget\" data-e-type=\"widget\" data-widget_type=\"icon-list.default\">\n\t\t\t\t<div class=\"elementor-widget-container\">\n\t\t\t\t\t\t\t<ul class=\"elementor-icon-list-items\">\n\t\t\t\t\t\t\t<li class=\"elementor-icon-list-item\">\n\t\t\t\t\t\t\t\t\t\t\t<a href=\"https:\/\/johannes-felchlin.ch\/wp-content\/uploads\/2025\/08\/231104_Felchlin_Hannes_0996.jpg\" target=\"_blank\">\n\n\t\t\t\t\t\t\t\t\t\t\t\t<span class=\"elementor-icon-list-icon\">\n\t\t\t\t\t\t\t<svg aria-hidden=\"true\" class=\"e-font-icon-svg e-fas-download\" viewBox=\"0 0 512 512\" xmlns=\"http:\/\/www.w3.org\/2000\/svg\"><path d=\"M216 0h80c13.3 0 24 10.7 24 24v168h87.7c17.8 0 26.7 21.5 14.1 34.1L269.7 378.3c-7.5 7.5-19.8 7.5-27.3 0L90.1 226.1c-12.6-12.6-3.7-34.1 14.1-34.1H192V24c0-13.3 10.7-24 24-24zm296 376v112c0 13.3-10.7 24-24 24H24c-13.3 0-24-10.7-24-24V376c0-13.3 10.7-24 24-24h146.7l49 49c20.1 20.1 52.5 20.1 72.6 0l49-49H488c13.3 0 24 10.7 24 24zm-124 88c0-11-9-20-20-20s-20 9-20 20 9 20 20 20 20-9 20-20zm64 0c0-11-9-20-20-20s-20 9-20 20 9 20 20 20 20-9 20-20z\"><\/path><\/svg>\t\t\t\t\t\t<\/span>\n\t\t\t\t\t\t\t\t\t\t<span class=\"elementor-icon-list-text\">Portraitbild hochaufl\u00f6send<\/span>\n\t\t\t\t\t\t\t\t\t\t\t<\/a>\n\t\t\t\t\t\t\t\t\t<\/li>\n\t\t\t\t\t\t<\/ul>\n\t\t\t\t\t\t<\/div>\n\t\t\t\t<\/div>\n\t\t\t\t\t<\/div>\n\t\t\t\t<\/div>\n\t\t\t\t<\/div>\n\t\t","protected":false},"excerpt":{"rendered":"<p>Person macht Sinn &#8211; Freisinn Pers\u00f6nlich Vorname, Name Johannes Felchlin Adresse Bruggweg 21, 4144 Arlesheim Geburtsdatum 3. Oktober 1968 Lebenspartnerin Vera von Rotz-Gass Kinder Alina\u00a02003; Viola 2006 Heimatorte Arth (SZ), Olten (SO), Solothurn (SO) Hobbies Sinnieren Gut essen Inline Skating Joggen Wandern Besuch von Theater und\u00a0Musicals Beruflich Seit 2026 Head Project Steering &amp; Delivery, Helvetia [&hellip;]<\/p>\n","protected":false},"author":1,"featured_media":0,"parent":0,"menu_order":0,"comment_status":"closed","ping_status":"closed","template":"","meta":{"footnotes":""},"class_list":["post-687","page","type-page","status-publish","hentry"],"_links":{"self":[{"href":"https:\/\/johannes-felchlin.ch\/index.php?rest_route=\/wp\/v2\/pages\/687","targetHints":{"allow":["GET"]}}],"collection":[{"href":"https:\/\/johannes-felchlin.ch\/index.php?rest_route=\/wp\/v2\/pages"}],"about":[{"href":"https:\/\/johannes-felchlin.ch\/index.php?rest_route=\/wp\/v2\/types\/page"}],"author":[{"embeddable":true,"href":"https:\/\/johannes-felchlin.ch\/index.php?rest_route=\/wp\/v2\/users\/1"}],"replies":[{"embeddable":true,"href":"https:\/\/johannes-felchlin.ch\/index.php?rest_route=%2Fwp%2Fv2%2Fcomments&post=687"}],"version-history":[{"count":26,"href":"https:\/\/johannes-felchlin.ch\/index.php?rest_route=\/wp\/v2\/pages\/687\/revisions"}],"predecessor-version":[{"id":1432,"href":"https:\/\/johannes-felchlin.ch\/index.php?rest_route=\/wp\/v2\/pages\/687\/revisions\/1432"}],"wp:attachment":[{"href":"https:\/\/johannes-felchlin.ch\/index.php?rest_route=%2Fwp%2Fv2%2Fmedia&parent=687"}],"curies":[{"name":"wp","href":"https:\/\/api.w.org\/{rel}","templated":true}]}}