{"id":691,"date":"2025-05-30T22:00:38","date_gmt":"2025-05-30T20:00:38","guid":{"rendered":"https:\/\/johannes-felchlin.ch\/?page_id=691"},"modified":"2025-08-05T22:39:56","modified_gmt":"2025-08-05T20:39:56","slug":"unterstuetzen","status":"publish","type":"page","link":"https:\/\/johannes-felchlin.ch\/?page_id=691","title":{"rendered":"Unterst\u00fctzen"},"content":{"rendered":"\t\t<div data-elementor-type=\"wp-page\" data-elementor-id=\"691\" class=\"elementor elementor-691\" data-elementor-post-type=\"page\">\n\t\t\t\t<div class=\"elementor-element elementor-element-e499674 e-flex e-con-boxed e-con e-parent\" data-id=\"e499674\" data-element_type=\"container\" data-e-type=\"container\">\n\t\t\t\t\t<div class=\"e-con-inner\">\n\t\t\t\t<div class=\"elementor-element elementor-element-e817ed8 elementor-widget elementor-widget-heading\" data-id=\"e817ed8\" data-element_type=\"widget\" data-e-type=\"widget\" data-widget_type=\"heading.default\">\n\t\t\t\t<div class=\"elementor-widget-container\">\n\t\t\t\t\t<h1 class=\"elementor-heading-title elementor-size-default\">Unterst\u00fctzen\n<\/h1>\t\t\t\t<\/div>\n\t\t\t\t<\/div>\n\t\t\t\t\t<\/div>\n\t\t\t\t<\/div>\n\t\t<div class=\"elementor-element elementor-element-6a91234 e-flex e-con-boxed e-con e-parent\" data-id=\"6a91234\" data-element_type=\"container\" data-e-type=\"container\" data-settings=\"{&quot;background_background&quot;:&quot;classic&quot;}\">\n\t\t\t\t\t<div class=\"e-con-inner\">\n\t\t\t\t<div class=\"elementor-element elementor-element-fc993ab elementor-widget elementor-widget-heading\" data-id=\"fc993ab\" data-element_type=\"widget\" data-e-type=\"widget\" data-widget_type=\"heading.default\">\n\t\t\t\t<div class=\"elementor-widget-container\">\n\t\t\t\t\t<span class=\"elementor-heading-title elementor-size-default\">\u00abPolitik ist Leidenschaft. Damit ich unsere Werte und Ihre Anliegen vertreten kann, bin ich auf Ihre Unterst\u00fctzung angewiesen.\u00bb\n<\/span>\t\t\t\t<\/div>\n\t\t\t\t<\/div>\n\t\t\t\t\t<\/div>\n\t\t\t\t<\/div>\n\t\t<div class=\"elementor-element elementor-element-82da6b7 e-flex e-con-boxed e-con e-parent\" data-id=\"82da6b7\" data-element_type=\"container\" data-e-type=\"container\">\n\t\t\t\t\t<div class=\"e-con-inner\">\n\t\t<div class=\"elementor-element elementor-element-fa9402d e-con-full e-flex e-con e-child\" data-id=\"fa9402d\" data-element_type=\"container\" data-e-type=\"container\">\n\t\t\t\t<div class=\"elementor-element elementor-element-19e8ad0 elementor-view-default elementor-position-block-start elementor-mobile-position-block-start elementor-widget elementor-widget-icon-box\" data-id=\"19e8ad0\" data-element_type=\"widget\" data-e-type=\"widget\" data-widget_type=\"icon-box.default\">\n\t\t\t\t<div class=\"elementor-widget-container\">\n\t\t\t\t\t\t\t<div class=\"elementor-icon-box-wrapper\">\n\n\t\t\t\t\t\t<div class=\"elementor-icon-box-icon\">\n\t\t\t\t<a href=\"#elementor-action%3Aaction%3Dpopup%3Aopen%26settings%3DeyJpZCI6Ijk3NSIsInRvZ2dsZSI6ZmFsc2V9\" class=\"elementor-icon elementor-animation-grow\" tabindex=\"-1\" aria-label=\"Komitee beitreten\">\n\t\t\t\t<svg xmlns=\"http:\/\/www.w3.org\/2000\/svg\" xmlns:xlink=\"http:\/\/www.w3.org\/1999\/xlink\" id=\"Ebene_1\" x=\"0px\" y=\"0px\" viewBox=\"0 0 792.4 547.2\" style=\"enable-background:new 0 0 792.4 547.2;\" xml:space=\"preserve\"><style type=\"text\/css\">\t.st0{fill:#3C52A4;}\t.st1{fill:#371C88;}\t.st2{clip-path:url(#SVGID_2_);}\t.st3{fill:#FFFFFF;}\t.st4{fill:#332780;}\t.st5{fill:#009DE3;}\t.st6{fill:#13519D;}<\/style><polygon class=\"st0\" points=\"792.4,0 791.7,0 791.7,0.8 \"><\/polygon><polygon class=\"st1\" points=\"791.7,0 791.6,0 791.7,0 \"><\/polygon><g>\t<defs>\t\t<rect id=\"SVGID_1_\" x=\"20.9\" y=\"36\" width=\"750.7\" height=\"475.2\"><\/rect>\t<\/defs>\t<clipPath id=\"SVGID_2_\">\t\t<use xlink:href=\"#SVGID_1_\" style=\"overflow:visible;\"><\/use>\t<\/clipPath>\t<g class=\"st2\">\t\t<path class=\"st3\" d=\"M194.6,346.4c-0.9-13.8-9.5-25-22.4-28.2c-7.6-1.9-14.9-1-20,5.8c-6.3,8.5-12.5,17-18.5,25.7   c-2.7,4-3.1,8.6-2,13.2c2.8,11.8,10.1,19.5,21.5,23.3c7.2,2.5,13.9,1.1,18.8-4.8c6.7-8.1,13.2-16.5,19.2-25.2   C193.1,353.6,193.4,349.8,194.6,346.4 M364.1,457.5c-0.7-13.6-14.2-27.9-27.5-28.6c-5.3-0.3-10.4,0.9-13.7,5.3   c-9.9,13.1-19.5,26.4-29.1,39.8c-2.4,3.5-3.2,8-2.2,12.1c2.4,11.3,9.1,19.3,19.8,23.5c7.5,2.9,15.3,2.4,20.6-4.3   c10-12.6,19.4-25.5,28.8-38.6C362.6,464.1,363,460.6,364.1,457.5 M260.5,477.3c6.8,1,11.8-3.4,15.7-8.7   c12.7-17.1,25.2-34.3,37.5-51.7c1.9-2.7,3-5.9,3.3-9.2c1.3-15.1-9.4-28.5-24.4-30.7c-5.1-0.8-10.5-0.9-14,3.8   c-14.5,19.1-29,38.1-43.2,57.5c-2,2.7-2.9,6.6-3,10C231.8,463.5,244.4,476.6,260.5,477.3 M273.2,354.2c-0.4-11.8-5-19.9-13.5-25.8   c-11.1-7.8-21.7-6.7-29.8,4c-17,22.5-33.7,45.1-50.1,68c-2.2,3.4-3.3,7.4-3.2,11.4c0.3,10.3,5.7,18.2,14.4,23.4   c8.8,5.3,20.8,6.6,29.1-4.2c5.4-7.1,11.1-14,16.4-21.2c10.8-14.7,21.5-29.4,32.1-44.3C271.2,361.8,273.8,357.9,273.2,354.2    M422.8,94.2c-13.2,0.7-26.6,0.7-39.7,2.4c-17,2.1-34,5.2-50.9,8.4c-7.5,1.4-14.8,4.4-19.5,11.1c-18.2,26.2-36.4,52.3-54.6,78.5   c-5,7.1-6.6,15-6.2,23.5c0.2,3.8,1.8,6,5.3,6.8c1.8,0.5,3.8,0.7,5.7,0.7c13.5-0.2,26.6-4,38.2-11c17.7-10.6,32.8-25.1,44-42.4   c1-1.7,2.5-3.1,4.4-3.9c10.3-3.4,20.7-6.4,31-9.8c4.1-1.5,8.7-1.1,12.5,1c16.5,8.7,33.1,17,49.4,25.9   c63.6,34.8,121.9,77.3,178.6,122.2c3.7,2.9,7.7,7.5,11.6,7.6c4.1,0.1,8.4-4.2,12.4-7c13.6-9.4,24.9-21.5,36.5-33.1   c1.8-1.9,0.8-3.1-0.1-4.6c-29.4-51.9-58.8-103.9-88.1-155.8c-4.9-8.6-5-8.7-14.6-6.4c-10.5,2.5-21.1,4.3-31.8,2.6   c-11.2-1.8-22.4-3.5-33.5-6.1C483.6,98,453.6,92.8,422.8,94.2 M367.5,487.3c0.8,0.5,1.7,0.9,2.5,1.3c22.1,8.2,44.7,14,68.6,13.8   c16.3-0.1,27.3-9.2,37-20.8c1.5-1.7,1.3-3.1-0.9-4.2c-4.2-2.1-8.3-4.5-12.5-6.6c-19.1-9.7-38.3-19.2-57.4-28.9   c-4.1-2.1-5-5-3.4-8.8s4.8-5.3,9.1-3.8c3.1,1.1,6.2,2.4,9.2,3.8c20.5,9.6,41,19.4,61.6,28.9c9.1,4.2,18.5,6.4,28.6,4.5   c8.5-1.6,14.4-6.2,17.9-14c1.2-2.5,1.8-5.3,2.7-8c1.5-4.1,0.4-7.6-3-10.2c-3.3-2.6-6.8-5-10.3-7.1c-25.3-15-50.7-30-76.1-45   c-2.2-1.1-4.1-2.5-5.8-4.3c-1.2-1.3-2.2-3.8-1.8-5.3c1.2-5.1,6.7-7.2,11.4-4.7c1.6,0.8,3.2,1.7,4.7,2.6   c28.2,16,56.4,31.8,84.5,47.9c7.5,4.3,15.2,5.4,23.6,4.3c14-1.8,23.5-12.4,23.4-26.5c0-2.3-0.3-4.6-0.2-6.9s-0.9-3.6-2.9-4.8   c-16.2-9.7-32.4-19.3-48.5-29.2c-20.2-12.4-40.3-25-60.3-37.7c-3.7-2.3-4.1-4.8-2.4-8.5s4.8-3.6,7.8-2.3   c5.3,2.1,10.5,4.6,15.5,7.5c34.6,20.5,69,41.1,103.6,61.6c1.6,1,3.4,1.6,5.2,1.8c4.3,0.1,8.7-0.5,13-0.5   c15.9,0,23.4-16.2,22.3-27.5c-0.8-8.3-5.3-14.3-11.3-19.3c-14.4-11.8-28.8-23.7-43.5-35c-59.6-45.8-122.2-86.9-189.7-120.3   c-2.4-1.2-4.5-1.7-7.2-0.7c-5.6,2-11.4,3.7-17.2,5.1c-4.5,1-8.4,3.6-11,7.4c-11.3,15.2-24.3,28.5-40.6,38.5   c-17.7,10.9-36.5,17.2-57.7,15.3c-10.1-0.9-20.3-10.1-20.2-21.5c0-13.5,4.4-25.3,11.6-36.2c9.6-14.8,19.6-29.2,29.4-43.9   c1.3-2,2.5-4,4.2-6.7c-27.3-4.8-54.7-7.1-76.4-24.8c-0.4,0.3-0.8,0.6-1.1,0.9c-31.6,56-63.2,111.9-94.9,167.8   c-1.2,2.1-0.1,3,1,4.2c8.4,10.3,16.8,20.5,25.2,30.8c0.9,1.1,1.8,2.1,3,3.4c2.7-2,5.1-3.8,7.6-5.5c7-5.3,15.7-7.8,24.5-6.9   c16.2,1.5,27.6,10.2,35.3,24.2c1.3,2.3,2.4,4.6,3.8,7.3c3.4-4.4,6.3-8.4,9.4-12.3c4.2-5.5,10.1-9.5,16.8-11.4   c23.2-6.4,48.4,9.6,52.4,33.6c0.9,5.7,0.9,11.6,1.4,17.7c13.7-0.4,24.5,5.8,33.1,15.6c8.8,10,12.6,22,10.7,35.3   c5.4,1.2,10.4,2,15.2,3.6c25.4,8.2,40.7,40.2,23.5,64.5C369.9,482.5,368.6,484.8,367.5,487.3\"><\/path>\t\t<path class=\"st4\" d=\"M20.9,252.6c1.5-2.5,3-4.9,4.4-7.5c36.6-65.5,73.3-131,109.9-196.5c2-3.5,4.5-6.8,6.7-10.3   c1.6-2.5,3.4-3,6-1.4c6.8,4.1,13.8,7.8,20.5,12c10.6,6.6,21,13.6,31.6,20.2c3.4,2.1,3.9,4,1.9,7.6c-21.7,39-43,78.2-64.9,117.1   c-16.9,30-34.2,59.8-51.7,89.4c-5.6,9.5-4.2,9.2-13.8,3.8c-15.1-8.6-29.7-17.8-44.5-26.9c-2.2-1.4-4.1-3.4-6.1-5.2L20.9,252.6z\"><\/path>\t\t<path class=\"st4\" d=\"M771.6,255.7c-17.4,13.3-36.3,24-55.7,34.1c-3.2,1.7-4.7,0.6-6.3-2.2c-17.9-31.3-36.1-62.5-53.8-93.9   c-21.5-38.3-42.7-76.9-63.9-115.4c-3.3-5.9-3.4-6.5,2.4-10.1c16.6-10.5,33.5-20.5,50.2-30.8c3.2-2,4.5-0.4,6,2.1   c13.4,22.8,27.2,45.3,40.1,68.3c25.1,44.6,49.8,89.5,74.7,134.3c2.2,4,4.2,8.1,6.3,12.2L771.6,255.7z\"><\/path>\t\t<path class=\"st5\" d=\"M367.5,487.3c1.1-2.4,2.3-4.8,3.7-7c17.2-24.2,1.9-56.2-23.5-64.5c-4.8-1.6-9.9-2.4-15.2-3.6   c1.9-13.3-1.9-25.3-10.7-35.3c-8.6-9.8-19.4-16-33.1-15.6c-0.4-6-0.4-11.9-1.4-17.7c-4-24.1-29.2-40.1-52.5-33.7   c-6.7,1.9-12.6,5.9-16.8,11.4c-3.1,3.9-6.1,7.9-9.4,12.3c-1.4-2.6-2.5-5-3.8-7.3c-7.7-14-19.1-22.7-35.3-24.2   c-8.7-0.8-17.5,1.6-24.5,6.9c-2.4,1.8-4.9,3.6-7.6,5.5c-1.1-1.3-2.1-2.3-3-3.4c-8.4-10.3-16.8-20.5-25.2-30.8   c-1.1-1.3-2.1-2.2-1-4.2c31.7-55.9,63.4-111.8,94.9-167.8c0.4-0.3,0.7-0.6,1.1-0.9c21.8,17.7,49.1,20,76.4,24.8   c-1.7,2.8-2.9,4.8-4.2,6.7c-9.8,14.6-19.8,29.1-29.4,43.9c-7.1,11-11.5,22.7-11.6,36.2c0,11.4,10.1,20.6,20.2,21.5   c21.2,1.9,40-4.4,57.7-15.3c16.2-10,29.3-23.4,40.6-38.5c2.6-3.7,6.5-6.4,11-7.4c5.8-1.4,11.6-3.2,17.2-5.1   c2.7-0.9,4.7-0.5,7.2,0.7c67.4,33.5,130.1,74.5,189.7,120.3c14.8,11.4,29.1,23.2,43.5,35c6,5,10.5,11,11.3,19.3   c1.1,11.3-6.4,27.5-22.3,27.5c-4.3,0-8.7,0.5-13,0.5c-1.9-0.1-3.7-0.7-5.2-1.8c-34.5-20.5-69-41.1-103.6-61.6   c-5-2.8-10.2-5.3-15.5-7.5c-3-1.3-6-1.5-7.8,2.3s-1.3,6.2,2.4,8.5c20.2,12.7,40.2,25.3,60.4,37.7c16.1,9.9,32.3,19.5,48.5,29.2   c2,1.2,3,2.4,2.9,4.8s0.2,4.6,0.2,6.9c0.2,14.1-9.3,24.8-23.4,26.5c-8.4,1-16.1-0.1-23.6-4.3c-28.1-16.1-56.3-32-84.5-47.9   c-1.5-0.9-3.1-1.7-4.7-2.6c-4.6-2.4-10.1-0.3-11.4,4.7c-0.4,1.6,0.6,4,1.8,5.3c1.7,1.7,3.7,3.2,5.8,4.3c25.3,15,50.7,29.9,76.1,45   c3.6,2.2,7,4.6,10.3,7.2c3.4,2.6,4.4,6.1,3,10.2c-0.9,2.6-1.5,5.4-2.7,8c-3.5,7.8-9.4,12.4-17.9,14c-10.1,1.9-19.5-0.3-28.6-4.5   c-20.6-9.6-41.1-19.3-61.6-28.9c-3-1.4-6.1-2.7-9.2-3.8c-4.3-1.5-7.4-0.1-9.1,3.8s-0.7,6.7,3.4,8.8c19.1,9.6,38.2,19.2,57.3,28.8   c4.2,2.1,8.3,4.5,12.5,6.6c2.2,1.1,2.3,2.5,0.9,4.2c-9.7,11.6-20.7,20.7-37,20.8c-23.9,0.2-46.5-5.6-68.6-13.8   C369.2,488.3,368.3,487.8,367.5,487.3\"><\/path>\t\t<path class=\"st6\" d=\"M422.8,94.2c30.8-1.4,60.8,3.8,90.6,10.7c11,2.6,22.3,4.2,33.5,6c10.8,1.8,21.3-0.1,31.8-2.5   c9.6-2.3,9.7-2.2,14.6,6.4c29.4,51.9,58.8,103.9,88.1,155.8c0.9,1.5,1.9,2.8,0,4.6c-11.6,11.6-22.9,23.7-36.5,33.1   c-4,2.8-8.3,7-12.4,7c-3.9,0-7.9-4.7-11.6-7.6c-56.7-44.9-115-87.4-178.5-122.2c-16.3-8.9-33-17.2-49.4-25.9   c-3.8-2.1-8.4-2.5-12.5-1c-10.3,3.4-20.7,6.4-31,9.8c-1.8,0.8-3.3,2.2-4.4,3.9c-11.2,17.3-26.3,31.8-44,42.4   c-11.5,7-24.7,10.7-38.2,11c-1.9,0-3.8-0.2-5.6-0.7c-3.5-0.9-5.1-3-5.3-6.8c-0.4-8.6,1.2-16.4,6.2-23.5   c18.3-26.1,36.5-52.3,54.6-78.5c4.7-6.8,11.9-9.7,19.5-11.1c16.9-3.2,33.8-6.3,50.9-8.4C396.2,95,409.6,95,422.8,94.2\"><\/path>\t\t<path class=\"st6\" d=\"M273.1,354.3c0.5,3.7-2,7.6-4.6,11.3c-10.6,14.8-21.3,29.6-32.1,44.3c-5.3,7.2-10.9,14.1-16.4,21.2   c-8.3,10.9-20.2,9.6-29.1,4.2c-8.7-5.2-14.1-13.1-14.4-23.4c-0.1-4,1-8,3.2-11.4c16.5-22.9,33.2-45.5,50.2-68   c8.1-10.7,18.6-11.8,29.7-4C268.1,334.4,272.7,342.5,273.1,354.3\"><\/path>\t\t<path class=\"st6\" d=\"M260.5,477.3c-16.2-0.7-28.8-13.7-28.2-29c0.1-3.4,1.1-7.4,3-10c14.2-19.3,28.7-38.4,43.2-57.5   c3.6-4.7,8.9-4.6,14-3.8c15,2.2,25.7,15.6,24.4,30.7c-0.3,3.3-1.4,6.5-3.3,9.2c-12.3,17.3-24.8,34.6-37.5,51.7   C272.2,473.9,267.3,478.3,260.5,477.3\"><\/path>\t\t<path class=\"st6\" d=\"M364,457.5c-1.1,3.1-1.5,6.6-3.3,9.2c-9.4,13-18.8,26-28.8,38.6c-5.3,6.7-13.1,7.2-20.6,4.3   c-10.7-4.2-17.4-12.2-19.8-23.5c-1.1-4.2-0.3-8.6,2.1-12.1c9.6-13.3,19.2-26.6,29.1-39.8c3.3-4.4,8.4-5.6,13.7-5.3   C349.9,429.6,363.4,443.9,364,457.5\"><\/path>\t\t<path class=\"st6\" d=\"M194.6,346.4c-1.1,3.3-1.5,7.2-3.4,9.9c-6.1,8.6-12.5,17-19.2,25.2c-4.9,5.9-11.5,7.3-18.8,4.8   c-11.4-3.9-18.7-11.6-21.5-23.3c-1.1-4.7-0.8-9.3,2-13.2c6-8.7,12.2-17.2,18.5-25.7c5.1-6.9,12.3-7.7,20-5.8   C185.2,321.4,193.7,332.7,194.6,346.4\"><\/path>\t<\/g><\/g><\/svg>\t\t\t\t<\/a>\n\t\t\t<\/div>\n\t\t\t\n\t\t\t\t\t\t<div class=\"elementor-icon-box-content\">\n\n\t\t\t\t\t\t\t\t\t<span class=\"elementor-icon-box-title\">\n\t\t\t\t\t\t<a href=\"#elementor-action%3Aaction%3Dpopup%3Aopen%26settings%3DeyJpZCI6Ijk3NSIsInRvZ2dsZSI6ZmFsc2V9\" >\n\t\t\t\t\t\t\tKomitee beitreten\t\t\t\t\t\t<\/a>\n\t\t\t\t\t<\/span>\n\t\t\t\t\n\t\t\t\t\n\t\t\t<\/div>\n\t\t\t\n\t\t<\/div>\n\t\t\t\t\t\t<\/div>\n\t\t\t\t<\/div>\n\t\t\t\t<div class=\"elementor-element elementor-element-2ded426 elementor-view-default elementor-position-block-start elementor-mobile-position-block-start elementor-widget elementor-widget-icon-box\" data-id=\"2ded426\" data-element_type=\"widget\" data-e-type=\"widget\" data-widget_type=\"icon-box.default\">\n\t\t\t\t<div class=\"elementor-widget-container\">\n\t\t\t\t\t\t\t<div class=\"elementor-icon-box-wrapper\">\n\n\t\t\t\t\t\t<div class=\"elementor-icon-box-icon\">\n\t\t\t\t<a href=\"#elementor-action%3Aaction%3Dpopup%3Aopen%26settings%3DeyJpZCI6IjEwNzIiLCJ0b2dnbGUiOmZhbHNlfQ%3D%3D\" class=\"elementor-icon elementor-animation-grow\" tabindex=\"-1\" aria-label=\"Statement abgeben\">\n\t\t\t\t<svg xmlns=\"http:\/\/www.w3.org\/2000\/svg\" id=\"Ebene_1\" data-name=\"Ebene 1\" viewBox=\"0 0 83.32 73.69\"><defs><style>.cls-1{fill:#12519e;}.cls-2{fill:#009ee4;}.cls-3{fill:#fff;}<\/style><\/defs><path class=\"cls-1\" d=\"M84.06,7.39V48.86a6.66,6.66,0,0,1-6.66,6.66H38.85L26.23,74.3a.26.26,0,0,1-.48-.1L22.83,55.52H7.4A6.66,6.66,0,0,1,.74,48.86V7.39A6.66,6.66,0,0,1,7.4.73h70A6.66,6.66,0,0,1,84.06,7.39Z\" transform=\"translate(-0.74 -0.73)\"><\/path><path class=\"cls-2\" d=\"M64.65,4.86h14a2.22,2.22,0,0,1,2.21,2.22V49.3a2.21,2.21,0,0,1-2.21,2.22h-40Z\" transform=\"translate(-0.74 -0.73)\"><\/path><rect class=\"cls-3\" x=\"23.67\" y=\"34.8\" width=\"6.47\" height=\"6.47\"><\/rect><rect class=\"cls-3\" x=\"38.42\" y=\"34.8\" width=\"6.47\" height=\"6.47\"><\/rect><rect class=\"cls-3\" x=\"53.54\" y=\"34.8\" width=\"6.47\" height=\"6.47\"><\/rect><\/svg>\t\t\t\t<\/a>\n\t\t\t<\/div>\n\t\t\t\n\t\t\t\t\t\t<div class=\"elementor-icon-box-content\">\n\n\t\t\t\t\t\t\t\t\t<span class=\"elementor-icon-box-title\">\n\t\t\t\t\t\t<a href=\"#elementor-action%3Aaction%3Dpopup%3Aopen%26settings%3DeyJpZCI6IjEwNzIiLCJ0b2dnbGUiOmZhbHNlfQ%3D%3D\" >\n\t\t\t\t\t\t\tStatement abgeben\t\t\t\t\t\t<\/a>\n\t\t\t\t\t<\/span>\n\t\t\t\t\n\t\t\t\t\n\t\t\t<\/div>\n\t\t\t\n\t\t<\/div>\n\t\t\t\t\t\t<\/div>\n\t\t\t\t<\/div>\n\t\t\t\t<\/div>\n\t\t\t\t<div class=\"elementor-element elementor-element-1ff9358 elementor-button-align-start elementor-widget elementor-widget-form\" data-id=\"1ff9358\" data-element_type=\"widget\" data-e-type=\"widget\" data-settings=\"{&quot;step_next_label&quot;:&quot;Weiter&quot;,&quot;step_previous_label&quot;:&quot;Zur\\u00fcck&quot;,&quot;button_width&quot;:&quot;100&quot;,&quot;step_type&quot;:&quot;number_text&quot;,&quot;step_icon_shape&quot;:&quot;circle&quot;}\" data-widget_type=\"form.default\">\n\t\t\t\t<div class=\"elementor-widget-container\">\n\t\t\t\t\t\t\t<form class=\"elementor-form\" method=\"post\" name=\"Formularname\" aria-label=\"Formularname\">\n\t\t\t<input type=\"hidden\" name=\"post_id\" value=\"691\"\/>\n\t\t\t<input type=\"hidden\" name=\"form_id\" value=\"1ff9358\"\/>\n\t\t\t<input type=\"hidden\" name=\"referer_title\" value=\"\" \/>\n\n\t\t\t\n\t\t\t<div class=\"elementor-form-fields-wrapper elementor-labels-above\">\n\t\t\t\t\t\t\t\t<div class=\"elementor-field-type-radio elementor-field-group elementor-column elementor-field-group-Anrede elementor-col-50 elementor-field-required elementor-mark-required\">\n\t\t\t\t\t\t\t\t\t\t\t\t<label for=\"form-field-Anrede\" class=\"elementor-field-label\">\n\t\t\t\t\t\t\t\tAnrede\t\t\t\t\t\t\t<\/label>\n\t\t\t\t\t\t<div class=\"elementor-field-subgroup  elementor-subgroup-inline\"><span class=\"elementor-field-option\"><input type=\"radio\" value=\"Herr\" id=\"form-field-Anrede-0\" name=\"form_fields[Anrede]\" required=\"required\"> <label for=\"form-field-Anrede-0\">Herr<\/label><\/span><span class=\"elementor-field-option\"><input type=\"radio\" value=\"Frau\" id=\"form-field-Anrede-1\" name=\"form_fields[Anrede]\" required=\"required\"> <label for=\"form-field-Anrede-1\">Frau<\/label><\/span><\/div>\t\t\t\t<\/div>\n\t\t\t\t\t\t\t\t<div class=\"elementor-field-type-text elementor-field-group elementor-column elementor-field-group-firma elementor-col-100\">\n\t\t\t\t\t\t\t\t\t\t\t\t<label for=\"form-field-firma\" class=\"elementor-field-label\">\n\t\t\t\t\t\t\t\tFirma\t\t\t\t\t\t\t<\/label>\n\t\t\t\t\t\t\t\t\t\t\t\t\t\t<input size=\"1\" type=\"text\" name=\"form_fields[firma]\" id=\"form-field-firma\" class=\"elementor-field elementor-size-sm  elementor-field-textual\" placeholder=\"Firma\">\n\t\t\t\t\t\t\t\t\t\t\t<\/div>\n\t\t\t\t\t\t\t\t<div class=\"elementor-field-type-text elementor-field-group elementor-column elementor-field-group-vorname elementor-col-50\">\n\t\t\t\t\t\t\t\t\t\t\t\t<label for=\"form-field-vorname\" class=\"elementor-field-label\">\n\t\t\t\t\t\t\t\tVorname\t\t\t\t\t\t\t<\/label>\n\t\t\t\t\t\t\t\t\t\t\t\t\t\t<input size=\"1\" type=\"text\" name=\"form_fields[vorname]\" id=\"form-field-vorname\" class=\"elementor-field elementor-size-sm  elementor-field-textual\" placeholder=\"Vorname\">\n\t\t\t\t\t\t\t\t\t\t\t<\/div>\n\t\t\t\t\t\t\t\t<div class=\"elementor-field-type-text elementor-field-group elementor-column elementor-field-group-nachname elementor-col-50 elementor-field-required elementor-mark-required\">\n\t\t\t\t\t\t\t\t\t\t\t\t<label for=\"form-field-nachname\" class=\"elementor-field-label\">\n\t\t\t\t\t\t\t\tNachname\t\t\t\t\t\t\t<\/label>\n\t\t\t\t\t\t\t\t\t\t\t\t\t\t<input size=\"1\" type=\"text\" name=\"form_fields[nachname]\" id=\"form-field-nachname\" class=\"elementor-field elementor-size-sm  elementor-field-textual\" placeholder=\"Nachname\" required=\"required\">\n\t\t\t\t\t\t\t\t\t\t\t<\/div>\n\t\t\t\t\t\t\t\t<div class=\"elementor-field-type-email elementor-field-group elementor-column elementor-field-group-email elementor-col-100 elementor-field-required elementor-mark-required\">\n\t\t\t\t\t\t\t\t\t\t\t\t<label for=\"form-field-email\" class=\"elementor-field-label\">\n\t\t\t\t\t\t\t\tE-Mail\t\t\t\t\t\t\t<\/label>\n\t\t\t\t\t\t\t\t\t\t\t\t\t\t<input size=\"1\" type=\"email\" name=\"form_fields[email]\" id=\"form-field-email\" class=\"elementor-field elementor-size-sm  elementor-field-textual\" placeholder=\"E-Mail\" required=\"required\">\n\t\t\t\t\t\t\t\t\t\t\t<\/div>\n\t\t\t\t\t\t\t\t<div class=\"elementor-field-type-text elementor-field-group elementor-column elementor-field-group-Funktion elementor-col-100 elementor-field-required elementor-mark-required\">\n\t\t\t\t\t\t\t\t\t\t\t\t<label for=\"form-field-Funktion\" class=\"elementor-field-label\">\n\t\t\t\t\t\t\t\tFunktion\t\t\t\t\t\t\t<\/label>\n\t\t\t\t\t\t\t\t\t\t\t\t\t\t<input size=\"1\" type=\"text\" name=\"form_fields[Funktion]\" id=\"form-field-Funktion\" class=\"elementor-field elementor-size-sm  elementor-field-textual\" placeholder=\"Funktion\" required=\"required\">\n\t\t\t\t\t\t\t\t\t\t\t<\/div>\n\t\t\t\t\t\t\t\t<div class=\"elementor-field-type-text elementor-field-group elementor-column elementor-field-group-strasse elementor-col-100\">\n\t\t\t\t\t\t\t\t\t\t\t\t<label for=\"form-field-strasse\" class=\"elementor-field-label\">\n\t\t\t\t\t\t\t\tStrasse\t\t\t\t\t\t\t<\/label>\n\t\t\t\t\t\t\t\t\t\t\t\t\t\t<input size=\"1\" type=\"text\" name=\"form_fields[strasse]\" id=\"form-field-strasse\" class=\"elementor-field elementor-size-sm  elementor-field-textual\" placeholder=\"Strasse\">\n\t\t\t\t\t\t\t\t\t\t\t<\/div>\n\t\t\t\t\t\t\t\t<div class=\"elementor-field-type-number elementor-field-group elementor-column elementor-field-group-plz elementor-col-20 elementor-field-required elementor-mark-required\">\n\t\t\t\t\t\t\t\t\t\t\t\t<label for=\"form-field-plz\" class=\"elementor-field-label\">\n\t\t\t\t\t\t\t\tPLZ\t\t\t\t\t\t\t<\/label>\n\t\t\t\t\t\t\t\t\t<input type=\"number\" name=\"form_fields[plz]\" id=\"form-field-plz\" class=\"elementor-field elementor-size-sm  elementor-field-textual\" placeholder=\"PLZ\" required=\"required\" min=\"\" max=\"\" >\n\t\t\t\t\t\t<\/div>\n\t\t\t\t\t\t\t\t<div class=\"elementor-field-type-text elementor-field-group elementor-column elementor-field-group-ort elementor-col-80\">\n\t\t\t\t\t\t\t\t\t\t\t\t<label for=\"form-field-ort\" class=\"elementor-field-label\">\n\t\t\t\t\t\t\t\tOrt\t\t\t\t\t\t\t<\/label>\n\t\t\t\t\t\t\t\t\t\t\t\t\t\t<input size=\"1\" type=\"text\" name=\"form_fields[ort]\" id=\"form-field-ort\" class=\"elementor-field elementor-size-sm  elementor-field-textual\" placeholder=\"Ort\">\n\t\t\t\t\t\t\t\t\t\t\t<\/div>\n\t\t\t\t\t\t\t\t<div class=\"elementor-field-type-checkbox elementor-field-group elementor-column elementor-field-group-unterstuetzung elementor-col-100\">\n\t\t\t\t\t\t\t\t\t\t\t\t<label for=\"form-field-unterstuetzung\" class=\"elementor-field-label\">\n\t\t\t\t\t\t\t\tUnterst\u00fctzung\t\t\t\t\t\t\t<\/label>\n\t\t\t\t\t\t<div class=\"elementor-field-subgroup  \"><span class=\"elementor-field-option\"><input type=\"checkbox\" value=\" Ich m\u00f6chte f\u00fcr den Wahlkampf spenden und ben\u00f6tige einen Einzahlungsschein.\" id=\"form-field-unterstuetzung-0\" name=\"form_fields[unterstuetzung][]\"> <label for=\"form-field-unterstuetzung-0\"> Ich m\u00f6chte f\u00fcr den Wahlkampf spenden und ben\u00f6tige einen Einzahlungsschein.<\/label><\/span><span class=\"elementor-field-option\"><input type=\"checkbox\" value=\"Ich m\u00f6chte mich aktiv am Wahlkampf beteiligen. Bitte nehmen Sie mit mir Kontakt auf.\" id=\"form-field-unterstuetzung-1\" name=\"form_fields[unterstuetzung][]\"> <label for=\"form-field-unterstuetzung-1\">Ich m\u00f6chte mich aktiv am Wahlkampf beteiligen. Bitte nehmen Sie mit mir Kontakt auf.<\/label><\/span><span class=\"elementor-field-option\"><input type=\"checkbox\" value=\" Ich bin bereit, auf der Webseite mit meinem Foto und einem Zitat f\u00fcr Sie zu werben.\" id=\"form-field-unterstuetzung-2\" name=\"form_fields[unterstuetzung][]\"> <label for=\"form-field-unterstuetzung-2\"> Ich bin bereit, auf der Webseite mit meinem Foto und einem Zitat f\u00fcr Sie zu werben.<\/label><\/span><\/div>\t\t\t\t<\/div>\n\t\t\t\t\t\t\t\t<div class=\"elementor-field-type-textarea elementor-field-group elementor-column elementor-field-group-zitat elementor-col-100\">\n\t\t\t\t\t\t\t\t\t\t\t\t<label for=\"form-field-zitat\" class=\"elementor-field-label\">\n\t\t\t\t\t\t\t\tZitat\t\t\t\t\t\t\t<\/label>\n\t\t\t\t\t\t<textarea class=\"elementor-field-textual elementor-field  elementor-size-sm\" name=\"form_fields[zitat]\" id=\"form-field-zitat\" rows=\"3\" placeholder=\"Zitat\"><\/textarea>\t\t\t\t<\/div>\n\t\t\t\t\t\t\t\t<div class=\"elementor-field-type-upload elementor-field-group elementor-column elementor-field-group-Lesebrief elementor-col-100\">\n\t\t\t\t\t\t\t\t\t\t\t\t<label for=\"form-field-Lesebrief\" class=\"elementor-field-label\">\n\t\t\t\t\t\t\t\tBild\t\t\t\t\t\t\t<\/label>\n\t\t\t\t\t\t\t\t<input type=\"file\" name=\"form_fields[Lesebrief]\" id=\"form-field-Lesebrief\" class=\"elementor-field elementor-size-sm  elementor-upload-field\">\n\n\t\t\t\t\t\t<\/div>\n\t\t\t\t\t\t\t\t<div class=\"elementor-field-type-acceptance elementor-field-group elementor-column elementor-field-group-field_0500762 elementor-col-100 elementor-field-required elementor-mark-required\">\n\t\t\t\t\t\t\t<div class=\"elementor-field-subgroup\">\n\t\t\t<span class=\"elementor-field-option\">\n\t\t\t\t<input type=\"checkbox\" name=\"form_fields[field_0500762]\" id=\"form-field-field_0500762\" class=\"elementor-field elementor-size-sm  elementor-acceptance-field\" required=\"required\" checked=\"checked\">\n\t\t\t\t<label for=\"form-field-field_0500762\"> Mit deiner Anmeldung erkl\u00e4rst du dich damit einverstanden, dass wir deine Daten in unseren Kampagnentools speichern und bearbeiten, sowie deine Aktivit\u00e4ten mit uns in den Sozialen Medien verlinken. Wir werden dich von Zeit zu Zeit \u00fcber unsere Aktivit\u00e4ten informieren. Du kannst deine Zustimmung jederzeit widerrufen. Es gelten unsere Datenschutzbestimmungen.\n<\/label>\t\t\t<\/span>\n\t\t<\/div>\n\t\t\t\t\t\t<\/div>\n\t\t\t\t\t\t\t\t<div class=\"elementor-field-group elementor-column elementor-field-type-submit elementor-col-100 e-form__buttons\">\n\t\t\t\t\t<button class=\"elementor-button elementor-size-sm\" type=\"submit\">\n\t\t\t\t\t\t<span class=\"elementor-button-content-wrapper\">\n\t\t\t\t\t\t\t\t\t\t\t\t\t\t\t\t\t\t\t\t\t\t<span class=\"elementor-button-text\">Senden<\/span>\n\t\t\t\t\t\t\t\t\t\t\t\t\t<\/span>\n\t\t\t\t\t<\/button>\n\t\t\t\t<\/div>\n\t\t\t<\/div>\n\t\t<\/form>\n\t\t\t\t\t\t<\/div>\n\t\t\t\t<\/div>\n\t\t\t\t\t<\/div>\n\t\t\t\t<\/div>\n\t\t\t\t<\/div>\n\t\t","protected":false},"excerpt":{"rendered":"<p>Unterst\u00fctzen \u00abPolitik ist Leidenschaft. Damit ich unsere Werte und Ihre Anliegen vertreten kann, bin ich auf Ihre Unterst\u00fctzung angewiesen.\u00bb Komitee beitreten Statement abgeben<\/p>\n","protected":false},"author":1,"featured_media":0,"parent":0,"menu_order":0,"comment_status":"closed","ping_status":"closed","template":"","meta":{"footnotes":""},"class_list":["post-691","page","type-page","status-publish","hentry"],"_links":{"self":[{"href":"https:\/\/johannes-felchlin.ch\/index.php?rest_route=\/wp\/v2\/pages\/691","targetHints":{"allow":["GET"]}}],"collection":[{"href":"https:\/\/johannes-felchlin.ch\/index.php?rest_route=\/wp\/v2\/pages"}],"about":[{"href":"https:\/\/johannes-felchlin.ch\/index.php?rest_route=\/wp\/v2\/types\/page"}],"author":[{"embeddable":true,"href":"https:\/\/johannes-felchlin.ch\/index.php?rest_route=\/wp\/v2\/users\/1"}],"replies":[{"embeddable":true,"href":"https:\/\/johannes-felchlin.ch\/index.php?rest_route=%2Fwp%2Fv2%2Fcomments&post=691"}],"version-history":[{"count":20,"href":"https:\/\/johannes-felchlin.ch\/index.php?rest_route=\/wp\/v2\/pages\/691\/revisions"}],"predecessor-version":[{"id":1273,"href":"https:\/\/johannes-felchlin.ch\/index.php?rest_route=\/wp\/v2\/pages\/691\/revisions\/1273"}],"wp:attachment":[{"href":"https:\/\/johannes-felchlin.ch\/index.php?rest_route=%2Fwp%2Fv2%2Fmedia&parent=691"}],"curies":[{"name":"wp","href":"https:\/\/api.w.org\/{rel}","templated":true}]}}